{"id":88,"date":"2023-03-01T14:03:52","date_gmt":"2023-03-01T13:03:52","guid":{"rendered":"https:\/\/www.consultoriaelite.es\/?page_id=88"},"modified":"2023-11-05T17:42:42","modified_gmt":"2023-11-05T16:42:42","slug":"politica-de-cookies","status":"publish","type":"page","link":"https:\/\/www.consultoriaelite.es\/gl\/politica-de-cookies\/","title":{"rendered":"Pol\u00edtica de cookies"},"content":{"rendered":"<p>Este sitio web usa cookies. Aqu\u00ed explicamos que son as cookies e como as usamos no noso sitio web. Pode cambiar as s\u00faas preferencias de cookies en calquera momento:<\/p>\n<p style=\"text-align: center;\"><a href=\"#\" class=\"_brlbs-btn-cookie-preference borlabs-cookie-preference\">Preferencias de cookies<\/a><\/p>\n<hr \/>\n<p>En cumprimento da Lei 34\/2002, do 11 de xullo, de Servizos da Sociedade da Informaci\u00f3n e de Comercio Electr\u00f3nico, inform\u00e1moslle que este sitio web, como a maior\u00eda dos sitios de Internet, utiliza Cookies para mellorar e Optimizar a experiencia do usuario.<\/p>\n<p>A continuaci\u00f3n atopar\u00e1s informaci\u00f3n detallada sobre que son as cookies, que tipo utiliza este sitio web, como cambiar a configuraci\u00f3n das t\u00faas cookies e que pasa se desactivas as cookies.<\/p>\n<h2>Que son as cookies?<\/h2>\n<p>Unha cookie \u00e9 un pequeno ficheiro que se descarga no ordenador do usuario coa finalidade de almacenar datos, que poden ser actualizados e recuperados pola entidade responsable da s\u00faa instalaci\u00f3n.<\/p>\n<h2>Que tipo de cookies utiliza este sitio web?<\/h2>\n<p>A continuaci\u00f3n m\u00f3strase unha t\u00e1boa coas cookies utilizadas neste sitio web. Podes informarte sobre as transferencias a terceiros pa\u00edses que, no seu caso, sexan realizadas polos terceiros identificados nesta pol\u00edtica de cookies nas s\u00faas correspondentes pol\u00edticas.<\/p>\n<div class=\"BorlabsCookie\"><h3 class=\"_brlbs _brlbs-cg-essential\">Imprescindible<\/h3><p class=\"_brlbs _brlbs-cg-essential\">As cookies esenciais permiten funci\u00f3ns b\u00e1sicas e son necesarias para que o sitio web funcione correctamente.<\/p><h4 class=\"_brlbs _brlbs-c-borlabs-cookie\">Galleta Borlabs<\/h4><div class=\"_brlbs-responsive-table\"><table class=\"_brlbs _brlbs-c-borlabs-cookie\"><tr><th scope=\"row\">Nome<\/th><td>Galleta Borlabs<\/td><\/tr><tr><th scope=\"row\">Provedor<\/th><td>Propietario deste sitio web<span>, <\/span><a href=\"https:\/\/www.consultoriaelite.es\/gl\/aviso-legal\/\">Aviso legal<\/a><\/td><\/tr><tr><th scope=\"row\">Finalidade<\/th><td>Garda as preferencias de visitantes seleccionadas na caixa de cookies de cookies de Borlabs.<\/td><\/tr><tr><th scope=\"row\">Nome da cookie<\/th><td>borlabs-cookie<\/td><\/tr><tr><th scope=\"row\">Caducidade da cookie<\/th><td>1 ano<\/td><\/tr><\/table><\/div><h3 class=\"_brlbs _brlbs-cg-statistics\">Estat\u00edsticas<\/h3><p class=\"_brlbs _brlbs-cg-statistics\">As cookies de estat\u00edsticas recollen informaci\u00f3n de forma an\u00f3nima. Esta informaci\u00f3n ax\u00fadanos a comprender como usan os nosos visitantes o noso sitio web.<\/p><h4 class=\"_brlbs _brlbs-c-google-analytics\">Google Analytics<\/h4><div class=\"_brlbs-responsive-table\"><table class=\"_brlbs _brlbs-c-google-analytics\"><tr><th scope=\"row\">Nome<\/th><td>Google Analytics<\/td><\/tr><tr><th scope=\"row\">Provedor<\/th><td>Google Ireland Limited, Gordon House, Barrow Street, Dubl\u00edn 4, Irlanda<\/td><\/tr><tr><th scope=\"row\">Finalidade<\/th><td>Cookie de Google utilizada para a an\u00e1lise do sitio web. Xera datos estat\u00edsticos sobre como o visitante usa o sitio web.<\/td><\/tr><tr><th scope=\"row\">Pol\u00edtica de Privacidade<\/th><td><a href=\"https:\/\/policies.google.com\/privacy?hl=en\" target=\"_blank\" rel=\"nofollow noopener noreferrer\">https:\/\/policies.google.com\/privacy?hl=en<\/a><\/td><\/tr><tr><th scope=\"row\">Nome da cookie<\/th><td>_ga,_gat,_gid<\/td><\/tr><tr><th scope=\"row\">Caducidade da cookie<\/th><td>2 meses<\/td><\/tr><\/table><\/div><h3 class=\"_brlbs _brlbs-cg-external-media\">Medios externos<\/h3><p class=\"_brlbs _brlbs-cg-external-media\">O contido das plataformas de v\u00eddeo e das redes sociais est\u00e1 bloqueado de forma predeterminada. Se se aceptan cookies de medios externos, o acceso a ese contido xa non precisa de consentimento manual.<\/p><h4 class=\"_brlbs _brlbs-c-googlemaps\">Google Maps<\/h4><div class=\"_brlbs-responsive-table\"><table class=\"_brlbs _brlbs-c-googlemaps\"><tr><th scope=\"row\">Nome<\/th><td>Google Maps<\/td><\/tr><tr><th scope=\"row\">Provedor<\/th><td>Google Ireland Limited, Gordon House, Barrow Street, Dubl\u00edn 4, Irlanda<\/td><\/tr><tr><th scope=\"row\">Finalidade<\/th><td>\u00dasase para desbloquear contido de Google Maps.<\/td><\/tr><tr><th scope=\"row\">Pol\u00edtica de Privacidade<\/th><td><a href=\"https:\/\/policies.google.com\/privacy?hl=enl=en\" target=\"_blank\" rel=\"nofollow noopener noreferrer\">https:\/\/policies.google.com\/privacy?hl=enl=en<\/a><\/td><\/tr><tr><th scope=\"row\">Anfitri\u00f3n(s)<\/th><td>.Google com<\/td><\/tr><tr><th scope=\"row\">Nome da cookie<\/th><td>NID<\/td><\/tr><tr><th scope=\"row\">Caducidade da cookie<\/th><td>6 meses<\/td><\/tr><\/table><\/div><\/div>\n<h2>Como podes configurar as t\u00faas Cookies?<\/h2>\n<p>Ao navegar e continuar no noso sitio web, consentir\u00e1 o uso de Cookies nas condici\u00f3ns contidas nesta Pol\u00edtica de Cookies. Como usuario, ten a posibilidade de exercer o seu dereito a bloquear, eliminar e rexeitar o uso de Cookies, en calquera momento, modificando as opci\u00f3ns do seu navegador.<\/p>\n<p>Por exemplo:<\/p>\n<ol>\n<li>Internet Explorer: Ferramentas &gt; Opci\u00f3ns de Internet &gt; Privacidade &gt; Configuraci\u00f3n. Para obter m\u00e1is informaci\u00f3n, pode consultar o soporte de Microsoft ou a Axuda do navegador.<\/li>\n<li>Mozilla Firefox: Ferramentas &gt; Opci\u00f3ns &gt; Privacidade &gt; Historial &gt; Configuraci\u00f3n personalizada. Para obter m\u00e1is informaci\u00f3n, pode consultar o soporte de Mozilla ou a Axuda do navegador.<\/li>\n<li>Google Chrome: Configuraci\u00f3n &gt; Mostrar opci\u00f3ns avanzadas &gt; Privacidade -&gt; Configuraci\u00f3n de contido. Para obter m\u00e1is informaci\u00f3n, pode consultar o soporte de Google ou a Axuda do navegador.<\/li>\n<li>Safari: Preferencias &gt; Seguridade. Para obter m\u00e1is informaci\u00f3n, podes consultar o Soporte de Apple ou a Axuda do navegador.<\/li>\n<li>Opera: Configuraci\u00f3n &gt; Opci\u00f3ns &gt; Avanzado &gt; Cookies Para obter m\u00e1is informaci\u00f3n, pode consultar o soporte de Opera ou a Axuda do navegador.<\/li>\n<\/ol>\n<p>Se utilizas un navegador distinto aos anteriores, consulta a s\u00faa pol\u00edtica de instalaci\u00f3n, uso e bloqueo de cookies.<\/p>\n<h2>O teu historial de consentimento<\/h2>\n<div class=\"BorlabsCookie\" data-borlabs-cookie-consent-history><div class=\"_brlbs-responsive-table\"><table class=\"_brlbs-table\"><thead><tr><th class=\"_brlbs-table-date\" scope=\"col\">Data<\/th><th class=\"_brlbs-table-version\" scope=\"col\">Versi\u00f3n<\/th><th class=\"_brlbs-table-consents\" scope=\"col\">Consentimentos<\/th><\/tr><\/thead><\/table><\/div><\/div>\n<h2>Que pasa se as cookies est\u00e1n desactivadas?<\/h2>\n<p>Algunhas funci\u00f3ns dos Servizos ou \u00e1reas deste sitio web poden non funcionar correctamente.<\/p>\n<h2>Actualizamos a nosa pol\u00edtica de cookies?<\/h2>\n<p>\u00c9 posible que actualicemos a pol\u00edtica de cookies do noso sitio web, polo que os nosos avogados p\u00eddennos que lle recomendemos que revise esta pol\u00edtica cada vez que acceda ao noso sitio web, co fin de estar adecuadamente informado sobre como e por que utilizamos as cookies.<\/p>","protected":false},"excerpt":{"rendered":"<p>Esta web utiliza cookies. Aqu\u00ed te explicamos qu\u00e9 son las cookies y c\u00f3mo las usamos en nuestra web. Puedes cambiar tus preferencias de cookies en cualquier momento: En cumplimiento de la Ley 34\/2002, de 11 de julio, de Servicios de la Sociedad de la Informaci\u00f3n y Comercio Electr\u00f3nico, te informamos de que este sitio web, [&hellip;]<\/p>\n","protected":false},"author":1,"featured_media":0,"parent":0,"menu_order":7,"comment_status":"closed","ping_status":"closed","template":"","meta":{"footnotes":""},"class_list":["post-88","page","type-page","status-publish","hentry"],"yoast_head":"<!-- This site is optimized with the Yoast SEO plugin v27.4 - https:\/\/yoast.com\/product\/yoast-seo-wordpress\/ -->\n<title>Pol\u00edtica de cookies - Consultor\u00eda \u00c9lite<\/title>\n<meta name=\"description\" content=\"Pol\u00edtica de cookies de Consultor\u00eda \u00c9lite\" \/>\n<meta name=\"robots\" content=\"index, follow, max-snippet:-1, max-image-preview:large, max-video-preview:-1\" \/>\n<link rel=\"canonical\" href=\"https:\/\/www.consultoriaelite.es\/gl\/politica-de-cookies\/\" \/>\n<meta property=\"og:locale\" content=\"gl_ES\" \/>\n<meta property=\"og:type\" content=\"article\" \/>\n<meta property=\"og:title\" content=\"Pol\u00edtica de cookies - Consultor\u00eda \u00c9lite\" \/>\n<meta property=\"og:description\" content=\"Pol\u00edtica de cookies de Consultor\u00eda \u00c9lite\" \/>\n<meta property=\"og:url\" content=\"https:\/\/www.consultoriaelite.es\/gl\/politica-de-cookies\/\" \/>\n<meta property=\"og:site_name\" content=\"Consultor\u00eda \u00c9lite\" \/>\n<meta property=\"article:modified_time\" content=\"2023-11-05T16:42:42+00:00\" \/>\n<meta property=\"og:image\" content=\"https:\/\/www.consultoriaelite.es\/wp-content\/uploads\/2024\/04\/logo.jpg\" \/>\n\t<meta property=\"og:image:width\" content=\"832\" \/>\n\t<meta property=\"og:image:height\" content=\"938\" \/>\n\t<meta property=\"og:image:type\" content=\"image\/jpeg\" \/>\n<meta name=\"twitter:card\" content=\"summary_large_image\" \/>\n<script type=\"application\/ld+json\" class=\"yoast-schema-graph\">{\"@context\":\"https:\\\/\\\/schema.org\",\"@graph\":[{\"@type\":\"WebPage\",\"@id\":\"https:\\\/\\\/www.consultoriaelite.es\\\/politica-de-cookies\\\/\",\"url\":\"https:\\\/\\\/www.consultoriaelite.es\\\/politica-de-cookies\\\/\",\"name\":\"Pol\u00edtica de cookies - Consultor\u00eda \u00c9lite\",\"isPartOf\":{\"@id\":\"https:\\\/\\\/www.consultoriaelite.es\\\/#website\"},\"datePublished\":\"2023-03-01T13:03:52+00:00\",\"dateModified\":\"2023-11-05T16:42:42+00:00\",\"description\":\"Pol\u00edtica de cookies de Consultor\u00eda \u00c9lite\",\"breadcrumb\":{\"@id\":\"https:\\\/\\\/www.consultoriaelite.es\\\/politica-de-cookies\\\/#breadcrumb\"},\"inLanguage\":\"gl-ES\",\"potentialAction\":[{\"@type\":\"ReadAction\",\"target\":[\"https:\\\/\\\/www.consultoriaelite.es\\\/politica-de-cookies\\\/\"]}]},{\"@type\":\"BreadcrumbList\",\"@id\":\"https:\\\/\\\/www.consultoriaelite.es\\\/politica-de-cookies\\\/#breadcrumb\",\"itemListElement\":[{\"@type\":\"ListItem\",\"position\":1,\"name\":\"Inicio\",\"item\":\"https:\\\/\\\/www.consultoriaelite.es\\\/\"},{\"@type\":\"ListItem\",\"position\":2,\"name\":\"Pol\u00edtica de cookies\"}]},{\"@type\":\"WebSite\",\"@id\":\"https:\\\/\\\/www.consultoriaelite.es\\\/#website\",\"url\":\"https:\\\/\\\/www.consultoriaelite.es\\\/\",\"name\":\"Consultor\u00eda \u00c9lite\",\"description\":\"Consultor\u00eda de negocios\",\"publisher\":{\"@id\":\"https:\\\/\\\/www.consultoriaelite.es\\\/#organization\"},\"potentialAction\":[{\"@type\":\"SearchAction\",\"target\":{\"@type\":\"EntryPoint\",\"urlTemplate\":\"https:\\\/\\\/www.consultoriaelite.es\\\/?s={search_term_string}\"},\"query-input\":{\"@type\":\"PropertyValueSpecification\",\"valueRequired\":true,\"valueName\":\"search_term_string\"}}],\"inLanguage\":\"gl-ES\"},{\"@type\":\"Organization\",\"@id\":\"https:\\\/\\\/www.consultoriaelite.es\\\/#organization\",\"name\":\"Consultor\u00eda \u00c9lite\",\"url\":\"https:\\\/\\\/www.consultoriaelite.es\\\/\",\"logo\":{\"@type\":\"ImageObject\",\"inLanguage\":\"gl-ES\",\"@id\":\"https:\\\/\\\/www.consultoriaelite.es\\\/#\\\/schema\\\/logo\\\/image\\\/\",\"url\":\"https:\\\/\\\/www.consultoriaelite.es\\\/wp-content\\\/uploads\\\/2024\\\/04\\\/logo.jpg\",\"contentUrl\":\"https:\\\/\\\/www.consultoriaelite.es\\\/wp-content\\\/uploads\\\/2024\\\/04\\\/logo.jpg\",\"width\":832,\"height\":938,\"caption\":\"Consultor\u00eda \u00c9lite\"},\"image\":{\"@id\":\"https:\\\/\\\/www.consultoriaelite.es\\\/#\\\/schema\\\/logo\\\/image\\\/\"},\"sameAs\":[\"http:\\\/\\\/www.linkedin.com\\\/in\\\/amartinezrguez\"]}]}<\/script>\n<!-- \/ Yoast SEO plugin. -->","yoast_head_json":{"title":"Pol\u00edtica de cookies - Consultor\u00eda \u00c9lite","description":"Consultor\u00eda \u00c9lite Pol\u00edtica de cookies","robots":{"index":"index","follow":"follow","max-snippet":"max-snippet:-1","max-image-preview":"max-image-preview:large","max-video-preview":"max-video-preview:-1"},"canonical":"https:\/\/www.consultoriaelite.es\/gl\/politica-de-cookies\/","og_locale":"gl_ES","og_type":"article","og_title":"Pol\u00edtica de cookies - Consultor\u00eda \u00c9lite","og_description":"Pol\u00edtica de cookies de Consultor\u00eda \u00c9lite","og_url":"https:\/\/www.consultoriaelite.es\/gl\/politica-de-cookies\/","og_site_name":"Consultor\u00eda \u00c9lite","article_modified_time":"2023-11-05T16:42:42+00:00","og_image":[{"width":832,"height":938,"url":"https:\/\/www.consultoriaelite.es\/wp-content\/uploads\/2024\/04\/logo.jpg","type":"image\/jpeg"}],"twitter_card":"summary_large_image","schema":{"@context":"https:\/\/schema.org","@graph":[{"@type":"WebPage","@id":"https:\/\/www.consultoriaelite.es\/politica-de-cookies\/","url":"https:\/\/www.consultoriaelite.es\/politica-de-cookies\/","name":"Pol\u00edtica de cookies - Consultor\u00eda \u00c9lite","isPartOf":{"@id":"https:\/\/www.consultoriaelite.es\/#website"},"datePublished":"2023-03-01T13:03:52+00:00","dateModified":"2023-11-05T16:42:42+00:00","description":"Consultor\u00eda \u00c9lite Pol\u00edtica de cookies","breadcrumb":{"@id":"https:\/\/www.consultoriaelite.es\/politica-de-cookies\/#breadcrumb"},"inLanguage":"gl-ES","potentialAction":[{"@type":"ReadAction","target":["https:\/\/www.consultoriaelite.es\/politica-de-cookies\/"]}]},{"@type":"BreadcrumbList","@id":"https:\/\/www.consultoriaelite.es\/politica-de-cookies\/#breadcrumb","itemListElement":[{"@type":"ListItem","position":1,"name":"Inicio","item":"https:\/\/www.consultoriaelite.es\/"},{"@type":"ListItem","position":2,"name":"Pol\u00edtica de cookies"}]},{"@type":"WebSite","@id":"https:\/\/www.consultoriaelite.es\/#website","url":"https:\/\/www.consultoriaelite.es\/","name":"Consultor\u00eda \u00c9lite","description":"Consultor\u00eda empresarial","publisher":{"@id":"https:\/\/www.consultoriaelite.es\/#organization"},"potentialAction":[{"@type":"SearchAction","target":{"@type":"EntryPoint","urlTemplate":"https:\/\/www.consultoriaelite.es\/?s={search_term_string}"},"query-input":{"@type":"PropertyValueSpecification","valueRequired":true,"valueName":"search_term_string"}}],"inLanguage":"gl-ES"},{"@type":"Organization","@id":"https:\/\/www.consultoriaelite.es\/#organization","name":"Consultor\u00eda \u00c9lite","url":"https:\/\/www.consultoriaelite.es\/","logo":{"@type":"ImageObject","inLanguage":"gl-ES","@id":"https:\/\/www.consultoriaelite.es\/#\/schema\/logo\/image\/","url":"https:\/\/www.consultoriaelite.es\/wp-content\/uploads\/2024\/04\/logo.jpg","contentUrl":"https:\/\/www.consultoriaelite.es\/wp-content\/uploads\/2024\/04\/logo.jpg","width":832,"height":938,"caption":"Consultor\u00eda \u00c9lite"},"image":{"@id":"https:\/\/www.consultoriaelite.es\/#\/schema\/logo\/image\/"},"sameAs":["http:\/\/www.linkedin.com\/in\/amartinezrguez"]}]}},"_links":{"self":[{"href":"https:\/\/www.consultoriaelite.es\/gl\/wp-json\/wp\/v2\/pages\/88","targetHints":{"allow":["GET"]}}],"collection":[{"href":"https:\/\/www.consultoriaelite.es\/gl\/wp-json\/wp\/v2\/pages"}],"about":[{"href":"https:\/\/www.consultoriaelite.es\/gl\/wp-json\/wp\/v2\/types\/page"}],"author":[{"embeddable":true,"href":"https:\/\/www.consultoriaelite.es\/gl\/wp-json\/wp\/v2\/users\/1"}],"replies":[{"embeddable":true,"href":"https:\/\/www.consultoriaelite.es\/gl\/wp-json\/wp\/v2\/comments?post=88"}],"version-history":[{"count":1,"href":"https:\/\/www.consultoriaelite.es\/gl\/wp-json\/wp\/v2\/pages\/88\/revisions"}],"predecessor-version":[{"id":396,"href":"https:\/\/www.consultoriaelite.es\/gl\/wp-json\/wp\/v2\/pages\/88\/revisions\/396"}],"wp:attachment":[{"href":"https:\/\/www.consultoriaelite.es\/gl\/wp-json\/wp\/v2\/media?parent=88"}],"curies":[{"name":"wp","href":"https:\/\/api.w.org\/{rel}","templated":true}]}}