{"id":75,"date":"2023-03-01T13:36:51","date_gmt":"2023-03-01T12:36:51","guid":{"rendered":"https:\/\/www.consultoriaelite.es\/?page_id=75"},"modified":"2023-11-05T17:42:47","modified_gmt":"2023-11-05T16:42:47","slug":"aviso-legal","status":"publish","type":"page","link":"https:\/\/www.consultoriaelite.es\/gl\/aviso-legal\/","title":{"rendered":"Aviso legal"},"content":{"rendered":"<h2>PROPIEDADE<\/h2>\n<p>En cumprimento das obrigas establecidas no artigo 10 da Lei 34\/2002, do 11 de xullo, de Servizos da Sociedade da Informaci\u00f3n e de Comercio Electr\u00f3nico, faise constar que esta p\u00e1xina corresponde \u00e1 entidade:<\/p>\n<p>Titular: ELITE CONSULTING, EST. INV. SL \u2013 B70098801<br \/>\nEnderezo: V\u00e1zquez de Parga 7, 1\u00baA - 15100 Carballo (A Coru\u00f1a)<br \/>\nTel\u00e9fono: 609 860 020<br \/>\nCorreo electr\u00f3nico: info@consultoriaelite.es<br \/>\nP\u00e1xina web: www.consultoriaelite.es<br \/>\nEmpresa inscrita no Rexistro Mercantil da Coru\u00f1a. Tomo 3186, Folio 156, P\u00e1xina C40719<\/p>\n<p>Para calquera d\u00fabida, pode dirixirse a CONSULTORIA ELITE, EST. INV. SL en info@consultoriaelite.es ou chamando ao 609 860 020. Podes contactar connosco de calquera xeito.<\/p>\n<h2>OBXECTO E ALCANCE DO SITIO WEB<\/h2>\n<p>As presentes Condici\u00f3ns Xerais de Contrataci\u00f3n e Uso te\u00f1en por obxecto regular a posta a disposici\u00f3n da informaci\u00f3n facilitada na p\u00e1xina web de CONSULTORIA ELITE, EST. INV. SL, as\u00ed como as transacci\u00f3ns comerciais que xurdan entre CONSULTORIA ELITE, EST. INV. SL e os usuarios do dominio www.consultoriaelite.es. Tanto a navegaci\u00f3n polo sitio web como a compra de calquera dos produtos que nel se ofrecen implican a aceptaci\u00f3n como usuario, sen reservas de ning\u00fan tipo, de todas e cada unha das presentes condici\u00f3ns xerais de contrataci\u00f3n e uso. ELITE CONSULTING, EST. INV. SL poder\u00e1 modificar o sitio web para realizar as modificaci\u00f3ns e modificaci\u00f3ns que considere oportunas e que considere necesarias para o seu correcto funcionamento, sen previo aviso.<\/p>\n<h2>USUARIOS<\/h2>\n<p>Acceso e\/ou uso deste portal de CONSULTORIA ELITE, EST. INV. SL atrib\u00fae a condici\u00f3n de USUARIO, que acepta, desde o devandito acceso e\/ou uso, as Condici\u00f3ns Xerais de Uso aqu\u00ed reflectidas. O acceso ao sitio web ser\u00e1 voluntario, e, polo tanto, responsabilidade do usuario, que ser\u00e1 responsable de calquera efecto directo ou indirecto que puidese derivarse do uso do sitio web, inclu\u00edndo, entre outros, os resultados econ\u00f3micos, t\u00e9cnicos e\/ou xur\u00eddicos adversos, as\u00ed como a decepci\u00f3n das expectativas xeradas pola nosa p\u00e1xina web, quedando o usuario obrigado a inofensiva a CONSULTORIA ELITE, EST. INV. SL para calquera reclamaci\u00f3n derivada, directa ou indirectamente, de tales feitos.<\/p>\n<h2>USO DO PORTAL<\/h2>\n<p>www.consultoriaelite.es proporciona o acceso a multitude de informaci\u00f3n, servizos, programas ou datos (en diante, \u201cos contidos\u201d) en Internet pertencentes a CONSULTORIA ELITE, EST. INV. SL ou os seus licenciantes aos que o USUARIO poida ter acceso. O USUARIO asume a responsabilidade do uso do portal. Esta responsabilidade est\u00e9ndese ao rexistro que sexa necesario para acceder a determinados servizos ou contidos. No devandito rexistro, o USUARIO ser\u00e1 o responsable de facilitar informaci\u00f3n veraz e l\u00edcita. Como consecuencia deste rexistro, o USUARIO poder\u00e1 recibir un contrasinal do que ser\u00e1 responsable, compromet\u00e9ndose a facer un uso dilixente e confidencial do mesmo. O USUARIO comprom\u00e9tese a facer un uso axeitado dos contidos e servizos (como servizos de chat, foros de discusi\u00f3n ou grupos de noticias) que CONSULTORIA ELITE, EST. INV. SL poder\u00e1 ofrecer a trav\u00e9s do seu portal e, a t\u00edtulo enunciativo pero non limitativo, non utilizalos para (i) realizar actividades il\u00edcitas, ilegais ou contrarias \u00e1 boa fe e \u00e1 orde p\u00fablica; (ii) difundir contidos ou propaganda de car\u00e1cter racista, xen\u00f3fobo, pornogr\u00e1fico-ilegal, de defensa do terrorismo ou de vulneraci\u00f3n dos dereitos humanos; (iii) provocar danos nos sistemas f\u00edsicos e l\u00f3xicos de CONSULTORIA ELITE, EST. INV. SL, os seus provedores ou terceiros, introducen ou difunden na rede virus inform\u00e1ticos ou calquera outro sistema f\u00edsico ou l\u00f3xico que sexan susceptibles de provocar os danos anteriormente mencionados; (iv) tentar acceder e, no seu caso, utilizar as contas de correo electr\u00f3nico doutros usuarios e modificar ou manipular as s\u00faas mensaxes. ELITE CONSULTING, EST. INV. SL res\u00e9rvase o dereito a retirar todos os comentarios e achegas que atenten contra o respecto \u00e1 dignidade da persoa, que sexan discriminatorios, xen\u00f3fobos, racistas, pornogr\u00e1ficos, que atenten contra a mocidade ou a infancia, a orde ou a seguridade p\u00fablica ou que, ao seu xu\u00edzo, non adecuado para publicaci\u00f3n. En todo caso, CONSULTORIA ELITE, EST. INV. SL non ser\u00e1 responsable das opini\u00f3ns expresadas polos usuarios a trav\u00e9s de foros, chats ou outras ferramentas de participaci\u00f3n.<\/p>\n<h2>PROPIEDADE INTELECTUAL E INDUSTRIAL<\/h2>\n<p>ELITE CONSULTING, EST. INV. SL, por si mesma ou como cesionaria, \u00e9 titular de todos os dereitos de propiedade intelectual e industrial do seu sitio web, as\u00ed como dos elementos contidos nela (a t\u00edtulo de exemplo, imaxes, son, audio, v\u00eddeo, software ou textos; marcas). ). ou logotipos, combinaci\u00f3ns de cores, estrutura e dese\u00f1o, selecci\u00f3n de materiais empregados, programas inform\u00e1ticos necesarios para o seu funcionamento, acceso e uso, etc.), propiedade de CONSULTORIA ELITE, EST. INV. SL ou os seus licenciantes. Todos os dereitos reservados. En virtude do disposto nos artigos 8 e 32.1, segundo par\u00e1grafo, da Lei de Propiedade Intelectual, a reproduci\u00f3n, distribuci\u00f3n e comunicaci\u00f3n p\u00fablica, inclu\u00edda a modalidade de posta \u00e1 s\u00faa disposici\u00f3n, de todo ou parte dos contidos deste sitio web, con fins comerciais. , en calquera soporte e por calquera medio t\u00e9cnico, sen a autorizaci\u00f3n de CONSULTORIA ELITE, EST. INV. SL.<\/p>\n<p>O USUARIO comprom\u00e9tese a respectar os dereitos de Propiedade Intelectual e Industrial titularidade de CONSULTORIA ELITE, EST. INV. SL. Podes visualizar os elementos do portal e mesmo imprimilos, copialos e almacenalos no disco duro do teu ordenador ou en calquera outro soporte f\u00edsico sempre que sexa, \u00fanica e exclusivamente, para o teu uso persoal e privado. O USUARIO deber\u00e1 absterse de suprimir, alterar, eludir ou manipular calquera dispositivo de protecci\u00f3n ou sistema de seguridade que estivese instalado nas p\u00e1xinas de CONSULTORIA ELITE, EST. INV. SL.<\/p>\n<p>Polo tanto, est\u00e1 prohibido o uso da p\u00e1xina web de CONSULTORIA ELITE, EST. INV. SL con fins p\u00fablicos ou comerciais, polo que o contido do sitio web non poder\u00e1 ser explotado, reproducido, distribu\u00eddo, modificado, comunicado publicamente, cedido, transformado ou utilizado.<\/p>\n<p>Queda expresamente prohibida a introduci\u00f3n de hiperv\u00ednculos con fins comerciais en p\u00e1xinas web distintas de CONSULTORIA ELITE, EST. INV. SL, que permiten o acceso ao noso sitio web, sen consentimento previo. En todo caso, a existencia de hiperenlaces en sitios web alleos \u00e1 nosa non implicar\u00e1 en ning\u00fan caso a existencia de relaci\u00f3ns comerciais ou comerciais co titular da p\u00e1xina web onde se estableza o hiperenlace, nin a aceptaci\u00f3n por parte de CONSULTORIA ELITE, EST. INV. SL dos seus contidos ou servizos.<\/p>\n<h2>DIRECCI\u00d3N IP<\/h2>\n<p>Os servidores do sitio web poden detectar automaticamente o enderezo IP e o nome de dominio utilizados polo usuario. Un enderezo IP \u00e9 un n\u00famero asignado automaticamente a un ordenador cando se conecta a Internet. Toda esta informaci\u00f3n queda rexistrada nun ficheiro de actividade do servidor debidamente rexistrado que permite o posterior tratamento dos datos co fin de obter s\u00f3 medici\u00f3ns estat\u00edsticas que permitan co\u00f1ecer o n\u00famero de impresi\u00f3ns de p\u00e1xina, o n\u00famero de visitas realizadas aos servizos web, a orde de visitas. , o punto de acceso, etc.<\/p>\n<h2>EXCLUSI\u00d3N DE GARANT\u00cdAS E RESPONSABILIDADE<\/h2>\n<p>ELITE CONSULTING, EST. INV. SL non se fai responsable dos danos que poidan derivarse de interferencias, omisi\u00f3ns, interrupci\u00f3ns, virus inform\u00e1ticos, avar\u00edas e\/ou desconexi\u00f3ns no funcionamento operativo deste sistema electr\u00f3nico ou nos dispositivos e equipamentos inform\u00e1ticos dos usuarios, causados por causas externas a ELITE CONSULTOR\u00cdA, EST. INV. SL, que impidan ou retrasen a prestaci\u00f3n de servizos ou navegaci\u00f3n no sitio web, nin de atrasos ou bloqueos no uso provocados por deficiencias ou sobrecargas de Internet ou outros sistemas electr\u00f3nicos, nin da imposibilidade de prestar o servizo ou permitir o acceso por causas non imputable a CONSULTORIA ELITE, EST. INV. SL, por causa do usuario, terceiros, ou casos de forza maior. ELITE CONSULTING, EST. INV. SL non controla, en xeral, o uso que os usuarios fan do sitio web. En particular, ELITE CONSULTING, EST. INV. SL non se fai responsable en ning\u00fan caso de que os usuarios utilicen o sitio web de acordo coa lei, as presentes Condici\u00f3ns Xerais, a moral xeralmente aceptada e os bos costumes e a orde p\u00fablica, nin de facelo de forma dilixente e prudente.<\/p>\n<p>Os produtos presentados na p\u00e1xina web cumpren a lexislaci\u00f3n espa\u00f1ola. A responsabilidade de CONSULTORIA ELITE, EST. INV. SL non se pode invocar no caso de produtos que non cumpran coa lexislaci\u00f3n dos pa\u00edses aos que puidesen ter sido enviados en funci\u00f3n do pedido do cliente. Corresponde, polo tanto, aos clientes f\u00f3ra de Espa\u00f1a verificar a posibilidade de importar ou utilizar os produtos que nos soliciten.<\/p>\n<h2>MODIFICACI\u00d3NS<\/h2>\n<p>ELITE CONSULTING, EST. INV. SL res\u00e9rvase o dereito a realizar, sen previo aviso, as modificaci\u00f3ns que considere oportunas no seu portal, podendo modificar, suprimir ou engadir tanto os contidos e servizos que se presten a trav\u00e9s do mesmo como a forma en que aparecen presentados ou localizados na s\u00faa p\u00e1xina web portal.<\/p>\n<h2>ENLACES<\/h2>\n<p>No caso de que www.consultoriaelite.es conte\u00f1a ligaz\u00f3ns ou hiperv\u00ednculos a outros sitios de Internet, CONSULTORIA ELITE, EST. INV. SL non exercer\u00e1 ning\u00fan tipo de control sobre ditos sitios e contidos. En ning\u00fan caso CONSULTORIA ELITE, EST. INV. SL non asumir\u00e1 ningunha responsabilidade polo contido de ning\u00fan enlace pertencente a un sitio web alleo, nin garantir\u00e1 a dispo\u00f1ibilidade t\u00e9cnica, calidade, fiabilidade, exactitude, amplitude, veracidade, validez e constitucionalidade de calquera material ou informaci\u00f3n contida en ning\u00fan destes. hiperv\u00ednculos ou outros sitios de Internet. As\u00ed mesmo, a inclusi\u00f3n destas conexi\u00f3ns externas non supor\u00e1 ning\u00fan tipo de asociaci\u00f3n, fusi\u00f3n ou participaci\u00f3n coas entidades conectadas.<\/p>\n<h2>DEREITO DE EXCLUSI\u00d3N<\/h2>\n<p>ELITE CONSULTING, EST. INV. SL res\u00e9rvase o dereito a denegar ou retirar o acceso ao portal e\/ou aos servizos ofrecidos sen previo aviso, a petici\u00f3n propia ou dun terceiro, a aqueles usuarios que incumpran as presentes Condici\u00f3ns Xerais de Uso.<\/p>\n<h2>XERALIDADES<\/h2>\n<p>ELITE CONSULTING, EST. INV. SL perseguir\u00e1 o incumprimento das presentes condici\u00f3ns as\u00ed como calquera uso indebido do seu portal exercendo todas as acci\u00f3ns civ\u00eds e penais que lle poidan corresponder en dereito.<\/p>\n<h2>MODIFICACI\u00d3N ESTAS CONDICI\u00d3NS E DURACI\u00d3N<\/h2>\n<p>ELITE CONSULTING, EST. INV. SL poder\u00e1 modificar en calquera momento as condici\u00f3ns aqu\u00ed determinadas, sendo debidamente publicadas tal e como aqu\u00ed aparecen. A vixencia das citadas condici\u00f3ns depender\u00e1 da s\u00faa exposici\u00f3n e estar\u00e1n vixentes ata que sexan modificadas por outras debidamente publicadas.<span class=\"Apple-converted-space\">\u00a0<\/span><\/p>\n<h2>SEGURIDADE<\/h2>\n<p>O sitio web utiliza t\u00e9cnicas de seguridade da informaci\u00f3n xeralmente aceptadas no sector, como cortalumes, procedementos de control de acceso e mecanismos criptogr\u00e1ficos, todo co obxectivo de evitar o acceso non autorizado aos datos. Para acadar estes fins, o usuario\/cliente acepta que o provedor obte\u00f1a datos para os efectos da correspondente autenticaci\u00f3n dos controis de acceso.<\/p>\n<p>Calquera proceso ou proceso de contrataci\u00f3n que implique a introduci\u00f3n de datos persoais de alto nivel (sa\u00fade, ideolox\u00eda, etc.) transmitirase sempre a trav\u00e9s dun protocolo de comunicaci\u00f3n seguro (https:\/\/), de forma que ning\u00fan terceiro te\u00f1a acceso a a informaci\u00f3n transmitida electr\u00f3nicamente.<\/p>\n<h2>LEI APLICABLE E XURISDICCI\u00d3N<\/h2>\n<p>A relaci\u00f3n entre CONSULTORIA ELITE, EST. INV. SL e o USUARIO rexeranse pola normativa espa\u00f1ola vixente e calquera controversia someterase aos Xulgados e Tribunais correspondentes.<\/p>","protected":false},"excerpt":{"rendered":"<p>TITULARIDAD En cumplimiento de las obligaciones establecidas en el art\u00edculo 10 de la Ley 34\/2002, de 11 de julio, de Servicios de la Sociedad de la Informaci\u00f3n y Comercio Electr\u00f3nico, se hace constar que esta p\u00e1gina corresponde a la entidad: Titular: &#8211;\u00a0 Domicilio: Tfno: Mail: Web: Para cualquier consulta, puede contactar con en \u00a0o en [&hellip;]<\/p>\n","protected":false},"author":1,"featured_media":0,"parent":0,"menu_order":5,"comment_status":"closed","ping_status":"closed","template":"","meta":{"footnotes":""},"class_list":["post-75","page","type-page","status-publish","hentry"],"yoast_head":"<!-- This site is optimized with the Yoast SEO plugin v27.4 - https:\/\/yoast.com\/product\/yoast-seo-wordpress\/ -->\n<title>Aviso legal - Consultor\u00eda \u00c9lite<\/title>\n<meta name=\"description\" content=\"Aviso legal de Consultor\u00eda \u00c9lite\" \/>\n<meta name=\"robots\" content=\"index, follow, max-snippet:-1, max-image-preview:large, max-video-preview:-1\" \/>\n<link rel=\"canonical\" href=\"https:\/\/www.consultoriaelite.es\/gl\/aviso-legal\/\" \/>\n<meta property=\"og:locale\" content=\"gl_ES\" \/>\n<meta property=\"og:type\" content=\"article\" \/>\n<meta property=\"og:title\" content=\"Aviso legal - Consultor\u00eda \u00c9lite\" \/>\n<meta property=\"og:description\" content=\"Aviso legal de Consultor\u00eda \u00c9lite\" \/>\n<meta property=\"og:url\" content=\"https:\/\/www.consultoriaelite.es\/gl\/aviso-legal\/\" \/>\n<meta property=\"og:site_name\" content=\"Consultor\u00eda \u00c9lite\" \/>\n<meta property=\"article:modified_time\" content=\"2023-11-05T16:42:47+00:00\" \/>\n<meta property=\"og:image\" content=\"https:\/\/www.consultoriaelite.es\/wp-content\/uploads\/2024\/04\/logo.jpg\" \/>\n\t<meta property=\"og:image:width\" content=\"832\" \/>\n\t<meta property=\"og:image:height\" content=\"938\" \/>\n\t<meta property=\"og:image:type\" content=\"image\/jpeg\" \/>\n<meta name=\"twitter:card\" content=\"summary_large_image\" \/>\n<script type=\"application\/ld+json\" class=\"yoast-schema-graph\">{\"@context\":\"https:\\\/\\\/schema.org\",\"@graph\":[{\"@type\":\"WebPage\",\"@id\":\"https:\\\/\\\/www.consultoriaelite.es\\\/aviso-legal\\\/\",\"url\":\"https:\\\/\\\/www.consultoriaelite.es\\\/aviso-legal\\\/\",\"name\":\"Aviso legal - Consultor\u00eda \u00c9lite\",\"isPartOf\":{\"@id\":\"https:\\\/\\\/www.consultoriaelite.es\\\/#website\"},\"datePublished\":\"2023-03-01T12:36:51+00:00\",\"dateModified\":\"2023-11-05T16:42:47+00:00\",\"description\":\"Aviso legal de Consultor\u00eda \u00c9lite\",\"breadcrumb\":{\"@id\":\"https:\\\/\\\/www.consultoriaelite.es\\\/aviso-legal\\\/#breadcrumb\"},\"inLanguage\":\"gl-ES\",\"potentialAction\":[{\"@type\":\"ReadAction\",\"target\":[\"https:\\\/\\\/www.consultoriaelite.es\\\/aviso-legal\\\/\"]}]},{\"@type\":\"BreadcrumbList\",\"@id\":\"https:\\\/\\\/www.consultoriaelite.es\\\/aviso-legal\\\/#breadcrumb\",\"itemListElement\":[{\"@type\":\"ListItem\",\"position\":1,\"name\":\"Inicio\",\"item\":\"https:\\\/\\\/www.consultoriaelite.es\\\/\"},{\"@type\":\"ListItem\",\"position\":2,\"name\":\"Aviso legal\"}]},{\"@type\":\"WebSite\",\"@id\":\"https:\\\/\\\/www.consultoriaelite.es\\\/#website\",\"url\":\"https:\\\/\\\/www.consultoriaelite.es\\\/\",\"name\":\"Consultor\u00eda \u00c9lite\",\"description\":\"Consultor\u00eda de negocios\",\"publisher\":{\"@id\":\"https:\\\/\\\/www.consultoriaelite.es\\\/#organization\"},\"potentialAction\":[{\"@type\":\"SearchAction\",\"target\":{\"@type\":\"EntryPoint\",\"urlTemplate\":\"https:\\\/\\\/www.consultoriaelite.es\\\/?s={search_term_string}\"},\"query-input\":{\"@type\":\"PropertyValueSpecification\",\"valueRequired\":true,\"valueName\":\"search_term_string\"}}],\"inLanguage\":\"gl-ES\"},{\"@type\":\"Organization\",\"@id\":\"https:\\\/\\\/www.consultoriaelite.es\\\/#organization\",\"name\":\"Consultor\u00eda \u00c9lite\",\"url\":\"https:\\\/\\\/www.consultoriaelite.es\\\/\",\"logo\":{\"@type\":\"ImageObject\",\"inLanguage\":\"gl-ES\",\"@id\":\"https:\\\/\\\/www.consultoriaelite.es\\\/#\\\/schema\\\/logo\\\/image\\\/\",\"url\":\"https:\\\/\\\/www.consultoriaelite.es\\\/wp-content\\\/uploads\\\/2024\\\/04\\\/logo.jpg\",\"contentUrl\":\"https:\\\/\\\/www.consultoriaelite.es\\\/wp-content\\\/uploads\\\/2024\\\/04\\\/logo.jpg\",\"width\":832,\"height\":938,\"caption\":\"Consultor\u00eda \u00c9lite\"},\"image\":{\"@id\":\"https:\\\/\\\/www.consultoriaelite.es\\\/#\\\/schema\\\/logo\\\/image\\\/\"},\"sameAs\":[\"http:\\\/\\\/www.linkedin.com\\\/in\\\/amartinezrguez\"]}]}<\/script>\n<!-- \/ Yoast SEO plugin. -->","yoast_head_json":{"title":"Aviso legal - Consultor\u00eda \u00c9lite","description":"Consultor\u00eda \u00c9lite Aviso legal","robots":{"index":"index","follow":"follow","max-snippet":"max-snippet:-1","max-image-preview":"max-image-preview:large","max-video-preview":"max-video-preview:-1"},"canonical":"https:\/\/www.consultoriaelite.es\/gl\/aviso-legal\/","og_locale":"gl_ES","og_type":"article","og_title":"Aviso legal - Consultor\u00eda \u00c9lite","og_description":"Aviso legal de Consultor\u00eda \u00c9lite","og_url":"https:\/\/www.consultoriaelite.es\/gl\/aviso-legal\/","og_site_name":"Consultor\u00eda \u00c9lite","article_modified_time":"2023-11-05T16:42:47+00:00","og_image":[{"width":832,"height":938,"url":"https:\/\/www.consultoriaelite.es\/wp-content\/uploads\/2024\/04\/logo.jpg","type":"image\/jpeg"}],"twitter_card":"summary_large_image","schema":{"@context":"https:\/\/schema.org","@graph":[{"@type":"WebPage","@id":"https:\/\/www.consultoriaelite.es\/aviso-legal\/","url":"https:\/\/www.consultoriaelite.es\/aviso-legal\/","name":"Aviso legal - Consultor\u00eda \u00c9lite","isPartOf":{"@id":"https:\/\/www.consultoriaelite.es\/#website"},"datePublished":"2023-03-01T12:36:51+00:00","dateModified":"2023-11-05T16:42:47+00:00","description":"Consultor\u00eda \u00c9lite Aviso legal","breadcrumb":{"@id":"https:\/\/www.consultoriaelite.es\/aviso-legal\/#breadcrumb"},"inLanguage":"gl-ES","potentialAction":[{"@type":"ReadAction","target":["https:\/\/www.consultoriaelite.es\/aviso-legal\/"]}]},{"@type":"BreadcrumbList","@id":"https:\/\/www.consultoriaelite.es\/aviso-legal\/#breadcrumb","itemListElement":[{"@type":"ListItem","position":1,"name":"Inicio","item":"https:\/\/www.consultoriaelite.es\/"},{"@type":"ListItem","position":2,"name":"Aviso legal"}]},{"@type":"WebSite","@id":"https:\/\/www.consultoriaelite.es\/#website","url":"https:\/\/www.consultoriaelite.es\/","name":"Consultor\u00eda \u00c9lite","description":"Consultor\u00eda empresarial","publisher":{"@id":"https:\/\/www.consultoriaelite.es\/#organization"},"potentialAction":[{"@type":"SearchAction","target":{"@type":"EntryPoint","urlTemplate":"https:\/\/www.consultoriaelite.es\/?s={search_term_string}"},"query-input":{"@type":"PropertyValueSpecification","valueRequired":true,"valueName":"search_term_string"}}],"inLanguage":"gl-ES"},{"@type":"Organization","@id":"https:\/\/www.consultoriaelite.es\/#organization","name":"Consultor\u00eda \u00c9lite","url":"https:\/\/www.consultoriaelite.es\/","logo":{"@type":"ImageObject","inLanguage":"gl-ES","@id":"https:\/\/www.consultoriaelite.es\/#\/schema\/logo\/image\/","url":"https:\/\/www.consultoriaelite.es\/wp-content\/uploads\/2024\/04\/logo.jpg","contentUrl":"https:\/\/www.consultoriaelite.es\/wp-content\/uploads\/2024\/04\/logo.jpg","width":832,"height":938,"caption":"Consultor\u00eda \u00c9lite"},"image":{"@id":"https:\/\/www.consultoriaelite.es\/#\/schema\/logo\/image\/"},"sameAs":["http:\/\/www.linkedin.com\/in\/amartinezrguez"]}]}},"_links":{"self":[{"href":"https:\/\/www.consultoriaelite.es\/gl\/wp-json\/wp\/v2\/pages\/75","targetHints":{"allow":["GET"]}}],"collection":[{"href":"https:\/\/www.consultoriaelite.es\/gl\/wp-json\/wp\/v2\/pages"}],"about":[{"href":"https:\/\/www.consultoriaelite.es\/gl\/wp-json\/wp\/v2\/types\/page"}],"author":[{"embeddable":true,"href":"https:\/\/www.consultoriaelite.es\/gl\/wp-json\/wp\/v2\/users\/1"}],"replies":[{"embeddable":true,"href":"https:\/\/www.consultoriaelite.es\/gl\/wp-json\/wp\/v2\/comments?post=75"}],"version-history":[{"count":1,"href":"https:\/\/www.consultoriaelite.es\/gl\/wp-json\/wp\/v2\/pages\/75\/revisions"}],"predecessor-version":[{"id":397,"href":"https:\/\/www.consultoriaelite.es\/gl\/wp-json\/wp\/v2\/pages\/75\/revisions\/397"}],"wp:attachment":[{"href":"https:\/\/www.consultoriaelite.es\/gl\/wp-json\/wp\/v2\/media?parent=75"}],"curies":[{"name":"wp","href":"https:\/\/api.w.org\/{rel}","templated":true}]}}