{"id":35,"date":"2023-03-01T17:25:34","date_gmt":"2023-03-01T16:25:34","guid":{"rendered":"https:\/\/www.consultoriaelite.es\/?page_id=35"},"modified":"2023-11-05T17:42:50","modified_gmt":"2023-11-05T16:42:50","slug":"politica-de-privacidade","status":"publish","type":"page","link":"https:\/\/www.consultoriaelite.es\/gl\/politica-de-privacidad\/","title":{"rendered":"Pol\u00edtica de Privacidade"},"content":{"rendered":"<p>En cumprimento das obrigas establecidas na Lei Org\u00e1nica 3\/2018, do 5 de decembro, de Protecci\u00f3n de Datos de Car\u00e1cter Persoal e Garant\u00eda.<span class=\"Apple-converted-space\">\u00a0<\/span>de Dereitos Dixitais e artigo 10 da Lei 34\/2002, do 11 de xullo, de Servizos da Sociedade da Informaci\u00f3n e de Comercio Electr\u00f3nico, inf\u00f3rmase sobre o tratamento dos seus datos persoais:<\/p>\n<h2>Quen \u00e9 o responsable do tratamento dos teus datos?<\/h2>\n<p>Titular: ELITE CONSULTING, EST. INV. SL \u2013 B70098801<br \/>\nEnderezo: V\u00e1zquez de Parga 7, 1\u00baA - 15100 Carballo (A Coru\u00f1a)<br \/>\nTel\u00e9fono: 609 860 020<br \/>\nCorreo electr\u00f3nico: info@consultoriaelite.es<br \/>\nP\u00e1xina web: www.consultoriaelite.es<br \/>\nEmpresa inscrita no Rexistro Mercantil da Coru\u00f1a. Tomo 3186, Folio 156, P\u00e1xina C40719<\/p>\n<p>Para calquera d\u00fabida, pode dirixirse a CONSULTORIA ELITE, EST. INV. SL a trav\u00e9s de: info@consultoriaelite.es<\/p>\n<p>O noso horario de atenci\u00f3n ao cliente \u00e9 de 9:00 a 21:00 horas de luns a venres, de 10:00 a 14:00 horas. Podes ir de calquera forma para comunicarte connosco.<\/p>\n<p>Reserv\u00e1monos o dereito de modificar ou adaptar esta Pol\u00edtica de Privacidade en calquera momento. Recomendamos que o revise, e se est\u00e1 rexistrado e accede \u00e1 s\u00faa conta ou perfil, se lle informar\u00e1 das modificaci\u00f3ns.<\/p>\n<p>Se es un dos seguintes grupos, consulta a informaci\u00f3n:<\/p>\n<h2>CONTACTOS DO SITIO WEB OU CORREO ELECTR\u00d3NICO<\/h2>\n<h3>Que datos recollemos a trav\u00e9s da Web?<\/h3>\n<p>Podemos procesar a s\u00faa IP, que sistema operativo ou navegador utiliza e mesmo a duraci\u00f3n da s\u00faa visita, de forma an\u00f3nima. Se nos facilitas datos no formulario de contacto, identificarase para que poidamos contactar contigo, se fose necesario.<\/p>\n<h3>Con que fins imos tratar os teus datos persoais?<\/h3>\n<ul>\n<li>Responde \u00e1s t\u00faas consultas, solicitudes ou solicitudes.<\/li>\n<li>Xestiona o servizo solicitado, responde \u00e1 t\u00faa solicitude ou procesa a t\u00faa solicitude.<\/li>\n<li>Informaci\u00f3n por medios electr\u00f3nicos, que se refire \u00e1 s\u00faa solicitude.<\/li>\n<li>Informaci\u00f3n comercial ou de eventos por medios electr\u00f3nicos, sempre que exista autorizaci\u00f3n expresa.<\/li>\n<li>Realizar an\u00e1lises e melloras na Rede, nos nosos produtos e servizos.<span class=\"Apple-converted-space\">\u00a0 <\/span>Mellorar a nosa estratexia comercial.<\/li>\n<\/ul>\n<h3>Cal \u00e9 a lexitimidade para o tratamento dos teus datos?<\/h3>\n<p>Aceptaci\u00f3n e consentimento do interesado: Naqueles casos nos que para realizar unha solicitude sexa necesario cubrir un formulario e premer no bot\u00f3n de enviar, a s\u00faa cumprimentaci\u00f3n implicar\u00e1 necesariamente que foi informado e prestado expresamente o seu consentimento ao contido. . da cl\u00e1usula anexa a dito formulario ou aceptaci\u00f3n da pol\u00edtica de privacidade. Todos os nosos formularios te\u00f1en o s\u00edmbolo * nos datos obrigatorios. Se non proporciona estes campos, ou non marca a caixa de verificaci\u00f3n de aceptaci\u00f3n da pol\u00edtica de privacidade, non se permitir\u00e1 o env\u00edo da informaci\u00f3n. Normalmente ten a seguinte f\u00f3rmula: &quot;\u25a1 Te\u00f1o m\u00e1is de 14 anos e lin e acepto a Pol\u00edtica de Privacidade&quot;.<\/p>\n<h2>CLIENTES<\/h2>\n<h3>Con que fins imos tratar os seus datos persoais?<\/h3>\n<ul>\n<li>Elaboraci\u00f3n do orzamento e seguimento do mesmo mediante comunicaci\u00f3ns entre ambas as partes.<\/li>\n<li>Informaci\u00f3n por medios electr\u00f3nicos, que se refire \u00e1 s\u00faa solicitude.<\/li>\n<li>Informaci\u00f3n comercial ou de eventos por medios electr\u00f3nicos, sempre que exista autorizaci\u00f3n expresa.<\/li>\n<li>Xestionar os servizos administrativos, de comunicaci\u00f3ns e de lox\u00edstica que realiza o Responsable.<\/li>\n<li>Facturaci\u00f3n e declaraci\u00f3n dos impostos correspondentes.<\/li>\n<li>Realizar as operaci\u00f3ns correspondentes.<\/li>\n<li>Esforzos de control e recuperaci\u00f3n.<\/li>\n<\/ul>\n<h2>PROVEEDORES<\/h2>\n<h3>Con que fins imos tratar os seus datos persoais?<\/h3>\n<ul>\n<li>Informaci\u00f3n por medios electr\u00f3nicos, que se refire \u00e1 s\u00faa solicitude.<\/li>\n<li>Informaci\u00f3n comercial ou de eventos por medios electr\u00f3nicos, sempre que exista autorizaci\u00f3n expresa.<\/li>\n<li>Xestionar os servizos administrativos, de comunicaci\u00f3ns e de lox\u00edstica que realiza o Responsable.<\/li>\n<li>Facturaci\u00f3n.<\/li>\n<li>Realizar as operaci\u00f3ns correspondentes.<\/li>\n<li>Facturaci\u00f3n e declaraci\u00f3n dos impostos correspondentes.<\/li>\n<li>Esforzos de control e recuperaci\u00f3n.<\/li>\n<\/ul>\n<h3>Cal \u00e9 a lexitimidade para o tratamento dos teus datos?<\/h3>\n<p>A base legal \u00e9 a aceptaci\u00f3n dunha relaci\u00f3n contractual, ou no seu defecto o seu consentimento ao contactar connosco ou ofrecernos os seus produtos de calquera forma.<\/p>\n<h2>CONTACTOS REDES SOCIAIS<\/h2>\n<h3>Con que fins imos tratar os seus datos persoais?<\/h3>\n<ul>\n<li>Responde \u00e1s t\u00faas consultas, solicitudes<span class=\"Apple-converted-space\">\u00a0 <\/span>ou solicitudes.<\/li>\n<li>Xestiona o servizo solicitado, responde \u00e1 t\u00faa solicitude ou procesa a t\u00faa solicitude.<\/li>\n<li>Relacionache contigo e crea unha comunidade de seguidores.<\/li>\n<\/ul>\n<h3>Cal \u00e9 a lexitimidade para o tratamento dos teus datos?<\/h3>\n<p>A aceptaci\u00f3n dunha relaci\u00f3n contractual na contorna de rede social correspondente, e de acordo coas s\u00faas pol\u00edticas de privacidade:<\/p>\n<ul>\n<li>Facebook <a href=\"http:\/\/www.facebook.com\/policy.php?ref=pf#_blank\">http:\/\/www.facebook.com\/policy.php?ref=pf<\/a><\/li>\n<li>Instagram <a href=\"https:\/\/help.instagram.com\/155833707900388#_blank\">https:\/\/help.instagram.com\/155833707900388<\/a><\/li>\n<li>Twitter\u00a0<a href=\"http:\/\/twitter.com\/privacy#_blank\">http:\/\/twitter.com\/privacy<\/a><\/li>\n<li>Pinterest <a href=\"https:\/\/about.pinterest.com\/es\/privacy-policy#_blank\">https:\/\/about.pinterest.com\/es\/privacy-policy<\/a><\/li>\n<li>Google* <a href=\"http:\/\/www.google.com\/intl\/es\/policies\/privacy\/#_blank\">http:\/\/www.google.com\/intl\/es\/policies\/privacy\/<\/a> *(Google+ e Youtube)<\/li>\n<\/ul>\n<h3>Canto tempo conservaremos os datos persoais?<\/h3>\n<p>S\u00f3 podemos consultar ou borrar os teus datos de forma restrinxida tendo un perfil espec\u00edfico. Tratar\u00e9molos mentres nos permitas seguirnos, ser amigos ou facer clic en &quot;g\u00fastame&quot;, &quot;seguir&quot; ou bot\u00f3ns similares. Calquera rectificaci\u00f3n dos seus datos ou restrici\u00f3n de informaci\u00f3n ou publicaci\u00f3ns deber\u00e1 realizarse mediante a configuraci\u00f3n do seu perfil ou usuario na propia rede social.<\/p>\n<h2>Inclu\u00edmos datos persoais de terceiros?<\/h2>\n<p>Non, por norma xeral s\u00f3 tratamos os datos que nos facilitan os propietarios. Si<span class=\"Apple-converted-space\">\u00a0<\/span>Se nos facilitas datos de terceiros, primeiro deber\u00e1s informar e solicitar o seu consentimento a ditas persoas ou, en caso contrario, exim\u00ednanos de calquera responsabilidade polo incumprimento deste requisito.<\/p>\n<h3>E os datos dos menores?<\/h3>\n<p>Non procesamos datos de nenos menores de 14 anos. Por iso, absterse de facilitalos se non \u00e9 desa idade ou, se \u00e9 o caso, de facilitar datos de terceiros que non te\u00f1an a citada idade.CONSULTORIA ELITE, EST. INV. SL queda exenta de calquera responsabilidade polo incumprimento desta disposici\u00f3n.<\/p>\n<h2>\u00bfComunicar\u00e9monos por medios electr\u00f3nicos?<\/h2>\n<ul>\n<li>S\u00f3 se levar\u00e1n a cabo para xestionar a s\u00faa solicitude, se \u00e9 un dos medios de contacto que nos facilitou.<\/li>\n<li>Se realizamos comunicaci\u00f3ns comerciais ter\u00edan sido previamente e expresamente<span class=\"Apple-converted-space\">\u00a0 <\/span>autorizado por ti.<\/li>\n<\/ul>\n<h2>Que medidas de seguridade aplicamos?<\/h2>\n<p>Podes estar tranquilo: adoptamos un nivel \u00f3ptimo de protecci\u00f3n dos Datos Persoais que tratamos, e instalamos todos os medios e medidas t\u00e9cnicas ao noso alcance segundo o estado da tecnolox\u00eda para evitar a perda, mal uso, alteraci\u00f3n, acceso non autorizado e roubo de datos persoais.<\/p>\n<h2>A que destinatarios se lles comunicar\u00e1n os seus datos?<\/h2>\n<p>Os seus datos non ser\u00e1n cedidos a terceiros, salvo obriga legal. En concreto, comunicaranse \u00e1 Axencia Estatal da Administraci\u00f3n Tributaria e \u00e1s entidades bancarias e financeiras para o cobramento do servizo prestado ou do produto adquirido, as\u00ed como aos responsables da tramitaci\u00f3n necesaria para a execuci\u00f3n do convenio. No caso de compra ou pagamento, se elixe unha aplicaci\u00f3n, p\u00e1xina web, plataforma, tarxeta bancaria, ou alg\u00fan outro servizo en li\u00f1a, os seus datos ser\u00e1n transferidos a esa plataforma ou tratados no seu contorno, sempre coa m\u00e1xima seguridade. Cando o solicitemos, a empresa de desenvolvemento e mantemento web, ou a empresa de hospedaxe, ter\u00e1n acceso ao noso sitio web. Ter\u00e1n asinado un contrato de prestaci\u00f3n de servizos que lles obriga a manter o mesmo nivel de privacidade que n\u00f3s.<\/p>\n<p>Calquera transferencia internacional de datos ao utilizar aplicaci\u00f3ns americanas ter\u00e1 as garant\u00edas adecuadas esixidas polo GDPR, que garante que as empresas de software estadounidenses cumpran coas pol\u00edticas europeas de protecci\u00f3n de datos en materia de privacidade.<\/p>\n<h2>Que Dereitos tes?<\/h2>\n<ul>\n<li>Para saber se estamos tratando os teus datos ou non.<\/li>\n<li>Para acceder aos seus datos persoais.<\/li>\n<li>Solicitar a rectificaci\u00f3n dos seus datos se son inexactos.<\/li>\n<li>Solicitar a supresi\u00f3n dos seus datos se xa non son necesarios para os fins para os que foron recollidos ou se retira o consentimento outorgado.<\/li>\n<li>Para solicitar a limitaci\u00f3n do tratamento dos seus datos, nalg\u00fans casos, s\u00f3 os conservaremos conforme \u00e1 normativa vixente.<\/li>\n<li>Para levar os seus datos, que se lle proporcionar\u00e1n nun formato estruturado, de uso habitual ou lexible por m\u00e1quina. Se o prefires, podemos enviarllos ao novo responsable que nos designes. S\u00f3 \u00e9 v\u00e1lido en determinados casos.<\/li>\n<li>Para presentar unha reclamaci\u00f3n ante a Axencia Espa\u00f1ola de Protecci\u00f3n de Datos ou autoridade de control competente, se considera que non lle atendemos correctamente.<\/li>\n<li>Para revogar o consentimento para calquera tratamento ao que consentiu, en calquera momento.<\/li>\n<\/ul>\n<p>Se modificas algunha informaci\u00f3n, av\u00edsanos para que poidamos mantela actualizada.<\/p>\n<h3>Queres un formulario para exercer os Dereitos?<\/h3>\n<ul>\n<li>Temos formularios para o exercicio dos seus dereitos, solic\u00edtanos<span class=\"Apple-converted-space\">\u00a0 <\/span>correo electr\u00f3nico ou, se o prefire, pode utilizar os elaborados pola Axencia Espa\u00f1ola de Protecci\u00f3n de Datos ou terceiros.<\/li>\n<li>Estes impresos deber\u00e1n estar asinados electronicamente ou acompa\u00f1ados da fotocopia do DNI.<\/li>\n<li>Se algu\u00e9n te representa, debes achegar unha copia do seu DNI, ou facer que o asine coa s\u00faa sinatura electr\u00f3nica.<\/li>\n<li>Os formularios p\u00f3dense enviar persoalmente, enviarse por carta ou por correo electr\u00f3nico ao enderezo do Responsable ao comezo deste texto.<\/li>\n<\/ul>\n<h3>Canto tempo tardamos en responder ao Exercicio de Dereitos?<\/h3>\n<p>Depende da lei, pero como m\u00e1ximo un mes desde a t\u00faa solicitude, e dous meses se o tema \u00e9 moi complexo e avisamos que necesitamos m\u00e1is tempo.<\/p>\n<h2>Tratamos cookies?<\/h2>\n<p>Se utilizamos outro tipo de cookies que non sexan necesarias, pode consultar a pol\u00edtica de cookies na ligaz\u00f3n correspondente dende o inicio da nosa web.<\/p>\n<h2>Canto tempo conservaremos os teus datos persoais?<\/h2>\n<ul>\n<li>Os datos persoais manteranse mentres permaneza vinculado a n\u00f3s.<\/li>\n<li>Unha vez desvinculado, os datos persoais tratados para cada finalidade conservaranse durante os prazos legalmente establecidos, inclu\u00eddo o prazo en que un xu\u00edz ou tribunal poida requirilos de conformidade co prazo de prescrici\u00f3n das acci\u00f3ns xudiciais.<\/li>\n<li>Os datos tratados manteranse mentres non transcorran os prazos legais mencionados anteriormente, se existe a obriga legal de mantelos, ou se non existe tal prazo legal, ata que o interesado solicite a s\u00faa supresi\u00f3n ou revogue o consentimento outorgado.<\/li>\n<li>Manteremos toda a informaci\u00f3n e comunicaci\u00f3ns relacionadas coa s\u00faa compra ou a prestaci\u00f3n do noso servizo, mentres dure as garant\u00edas dos produtos ou servizos, para atender posibles reclamaci\u00f3ns.<\/li>\n<\/ul>","protected":false},"excerpt":{"rendered":"<p>En cumplimiento de las obligaciones establecidas en la Ley Org\u00e1nica 3\/2018, de 5 de diciembre, de Protecci\u00f3n de Datos Personales y Garant\u00eda\u00a0de los Derechos Digitales y del art\u00edculo 10 de la Ley 34\/2002, de 11 de julio, de Servicios de la Sociedad de la Informaci\u00f3n y Comercio Electr\u00f3nico, se le facilita la informaci\u00f3n relativa al [&hellip;]<\/p>\n","protected":false},"author":1,"featured_media":0,"parent":0,"menu_order":6,"comment_status":"closed","ping_status":"closed","template":"","meta":{"footnotes":""},"class_list":["post-35","page","type-page","status-publish","hentry"],"yoast_head":"<!-- This site is optimized with the Yoast SEO plugin v27.4 - https:\/\/yoast.com\/product\/yoast-seo-wordpress\/ -->\n<title>Pol\u00edtica de privacidad - Consultor\u00eda \u00c9lite<\/title>\n<meta name=\"description\" content=\"Pol\u00edtica de privacidad de Consultor\u00eda \u00c9lite\" \/>\n<meta name=\"robots\" content=\"index, follow, max-snippet:-1, max-image-preview:large, max-video-preview:-1\" \/>\n<link rel=\"canonical\" href=\"https:\/\/www.consultoriaelite.es\/gl\/politica-de-privacidade\/\" \/>\n<meta property=\"og:locale\" content=\"gl_ES\" \/>\n<meta property=\"og:type\" content=\"article\" \/>\n<meta property=\"og:title\" content=\"Pol\u00edtica de privacidad - Consultor\u00eda \u00c9lite\" \/>\n<meta property=\"og:description\" content=\"Pol\u00edtica de privacidad de Consultor\u00eda \u00c9lite\" \/>\n<meta property=\"og:url\" content=\"https:\/\/www.consultoriaelite.es\/gl\/politica-de-privacidade\/\" \/>\n<meta property=\"og:site_name\" content=\"Consultor\u00eda \u00c9lite\" \/>\n<meta property=\"article:modified_time\" content=\"2023-11-05T16:42:50+00:00\" \/>\n<meta property=\"og:image\" content=\"https:\/\/www.consultoriaelite.es\/wp-content\/uploads\/2024\/04\/logo.jpg\" \/>\n\t<meta property=\"og:image:width\" content=\"832\" \/>\n\t<meta property=\"og:image:height\" content=\"938\" \/>\n\t<meta property=\"og:image:type\" content=\"image\/jpeg\" \/>\n<meta name=\"twitter:card\" content=\"summary_large_image\" \/>\n<script type=\"application\/ld+json\" class=\"yoast-schema-graph\">{\"@context\":\"https:\\\/\\\/schema.org\",\"@graph\":[{\"@type\":\"WebPage\",\"@id\":\"https:\\\/\\\/www.consultoriaelite.es\\\/politica-de-privacidad\\\/\",\"url\":\"https:\\\/\\\/www.consultoriaelite.es\\\/politica-de-privacidad\\\/\",\"name\":\"Pol\u00edtica de privacidad - Consultor\u00eda \u00c9lite\",\"isPartOf\":{\"@id\":\"https:\\\/\\\/www.consultoriaelite.es\\\/#website\"},\"datePublished\":\"2023-03-01T16:25:34+00:00\",\"dateModified\":\"2023-11-05T16:42:50+00:00\",\"description\":\"Pol\u00edtica de privacidad de Consultor\u00eda \u00c9lite\",\"breadcrumb\":{\"@id\":\"https:\\\/\\\/www.consultoriaelite.es\\\/politica-de-privacidad\\\/#breadcrumb\"},\"inLanguage\":\"gl-ES\",\"potentialAction\":[{\"@type\":\"ReadAction\",\"target\":[\"https:\\\/\\\/www.consultoriaelite.es\\\/politica-de-privacidad\\\/\"]}]},{\"@type\":\"BreadcrumbList\",\"@id\":\"https:\\\/\\\/www.consultoriaelite.es\\\/politica-de-privacidad\\\/#breadcrumb\",\"itemListElement\":[{\"@type\":\"ListItem\",\"position\":1,\"name\":\"Inicio\",\"item\":\"https:\\\/\\\/www.consultoriaelite.es\\\/\"},{\"@type\":\"ListItem\",\"position\":2,\"name\":\"Pol\u00edtica de privacidad\"}]},{\"@type\":\"WebSite\",\"@id\":\"https:\\\/\\\/www.consultoriaelite.es\\\/#website\",\"url\":\"https:\\\/\\\/www.consultoriaelite.es\\\/\",\"name\":\"Consultor\u00eda \u00c9lite\",\"description\":\"Consultor\u00eda de negocios\",\"publisher\":{\"@id\":\"https:\\\/\\\/www.consultoriaelite.es\\\/#organization\"},\"potentialAction\":[{\"@type\":\"SearchAction\",\"target\":{\"@type\":\"EntryPoint\",\"urlTemplate\":\"https:\\\/\\\/www.consultoriaelite.es\\\/?s={search_term_string}\"},\"query-input\":{\"@type\":\"PropertyValueSpecification\",\"valueRequired\":true,\"valueName\":\"search_term_string\"}}],\"inLanguage\":\"gl-ES\"},{\"@type\":\"Organization\",\"@id\":\"https:\\\/\\\/www.consultoriaelite.es\\\/#organization\",\"name\":\"Consultor\u00eda \u00c9lite\",\"url\":\"https:\\\/\\\/www.consultoriaelite.es\\\/\",\"logo\":{\"@type\":\"ImageObject\",\"inLanguage\":\"gl-ES\",\"@id\":\"https:\\\/\\\/www.consultoriaelite.es\\\/#\\\/schema\\\/logo\\\/image\\\/\",\"url\":\"https:\\\/\\\/www.consultoriaelite.es\\\/wp-content\\\/uploads\\\/2024\\\/04\\\/logo.jpg\",\"contentUrl\":\"https:\\\/\\\/www.consultoriaelite.es\\\/wp-content\\\/uploads\\\/2024\\\/04\\\/logo.jpg\",\"width\":832,\"height\":938,\"caption\":\"Consultor\u00eda \u00c9lite\"},\"image\":{\"@id\":\"https:\\\/\\\/www.consultoriaelite.es\\\/#\\\/schema\\\/logo\\\/image\\\/\"},\"sameAs\":[\"http:\\\/\\\/www.linkedin.com\\\/in\\\/amartinezrguez\"]}]}<\/script>\n<!-- \/ Yoast SEO plugin. -->","yoast_head_json":{"title":"Pol\u00edtica de privacidade - Consultor\u00eda \u00c9lite","description":"Consultor\u00eda \u00c9lite Pol\u00edtica de privacidade","robots":{"index":"index","follow":"follow","max-snippet":"max-snippet:-1","max-image-preview":"max-image-preview:large","max-video-preview":"max-video-preview:-1"},"canonical":"https:\/\/www.consultoriaelite.es\/gl\/politica-de-privacidade\/","og_locale":"gl_ES","og_type":"article","og_title":"Pol\u00edtica de privacidad - Consultor\u00eda \u00c9lite","og_description":"Pol\u00edtica de privacidad de Consultor\u00eda \u00c9lite","og_url":"https:\/\/www.consultoriaelite.es\/gl\/politica-de-privacidade\/","og_site_name":"Consultor\u00eda \u00c9lite","article_modified_time":"2023-11-05T16:42:50+00:00","og_image":[{"width":832,"height":938,"url":"https:\/\/www.consultoriaelite.es\/wp-content\/uploads\/2024\/04\/logo.jpg","type":"image\/jpeg"}],"twitter_card":"summary_large_image","schema":{"@context":"https:\/\/schema.org","@graph":[{"@type":"WebPage","@id":"https:\/\/www.consultoriaelite.es\/politica-de-privacidad\/","url":"https:\/\/www.consultoriaelite.es\/politica-de-privacidad\/","name":"Pol\u00edtica de privacidade - Consultor\u00eda \u00c9lite","isPartOf":{"@id":"https:\/\/www.consultoriaelite.es\/#website"},"datePublished":"2023-03-01T16:25:34+00:00","dateModified":"2023-11-05T16:42:50+00:00","description":"Consultor\u00eda \u00c9lite Pol\u00edtica de privacidade","breadcrumb":{"@id":"https:\/\/www.consultoriaelite.es\/politica-de-privacidad\/#breadcrumb"},"inLanguage":"gl-ES","potentialAction":[{"@type":"ReadAction","target":["https:\/\/www.consultoriaelite.es\/politica-de-privacidad\/"]}]},{"@type":"BreadcrumbList","@id":"https:\/\/www.consultoriaelite.es\/politica-de-privacidad\/#breadcrumb","itemListElement":[{"@type":"ListItem","position":1,"name":"Inicio","item":"https:\/\/www.consultoriaelite.es\/"},{"@type":"ListItem","position":2,"name":"Pol\u00edtica de privacidad"}]},{"@type":"WebSite","@id":"https:\/\/www.consultoriaelite.es\/#website","url":"https:\/\/www.consultoriaelite.es\/","name":"Consultor\u00eda \u00c9lite","description":"Consultor\u00eda empresarial","publisher":{"@id":"https:\/\/www.consultoriaelite.es\/#organization"},"potentialAction":[{"@type":"SearchAction","target":{"@type":"EntryPoint","urlTemplate":"https:\/\/www.consultoriaelite.es\/?s={search_term_string}"},"query-input":{"@type":"PropertyValueSpecification","valueRequired":true,"valueName":"search_term_string"}}],"inLanguage":"gl-ES"},{"@type":"Organization","@id":"https:\/\/www.consultoriaelite.es\/#organization","name":"Consultor\u00eda \u00c9lite","url":"https:\/\/www.consultoriaelite.es\/","logo":{"@type":"ImageObject","inLanguage":"gl-ES","@id":"https:\/\/www.consultoriaelite.es\/#\/schema\/logo\/image\/","url":"https:\/\/www.consultoriaelite.es\/wp-content\/uploads\/2024\/04\/logo.jpg","contentUrl":"https:\/\/www.consultoriaelite.es\/wp-content\/uploads\/2024\/04\/logo.jpg","width":832,"height":938,"caption":"Consultor\u00eda \u00c9lite"},"image":{"@id":"https:\/\/www.consultoriaelite.es\/#\/schema\/logo\/image\/"},"sameAs":["http:\/\/www.linkedin.com\/in\/amartinezrguez"]}]}},"_links":{"self":[{"href":"https:\/\/www.consultoriaelite.es\/gl\/wp-json\/wp\/v2\/pages\/35","targetHints":{"allow":["GET"]}}],"collection":[{"href":"https:\/\/www.consultoriaelite.es\/gl\/wp-json\/wp\/v2\/pages"}],"about":[{"href":"https:\/\/www.consultoriaelite.es\/gl\/wp-json\/wp\/v2\/types\/page"}],"author":[{"embeddable":true,"href":"https:\/\/www.consultoriaelite.es\/gl\/wp-json\/wp\/v2\/users\/1"}],"replies":[{"embeddable":true,"href":"https:\/\/www.consultoriaelite.es\/gl\/wp-json\/wp\/v2\/comments?post=35"}],"version-history":[{"count":1,"href":"https:\/\/www.consultoriaelite.es\/gl\/wp-json\/wp\/v2\/pages\/35\/revisions"}],"predecessor-version":[{"id":398,"href":"https:\/\/www.consultoriaelite.es\/gl\/wp-json\/wp\/v2\/pages\/35\/revisions\/398"}],"wp:attachment":[{"href":"https:\/\/www.consultoriaelite.es\/gl\/wp-json\/wp\/v2\/media?parent=35"}],"curies":[{"name":"wp","href":"https:\/\/api.w.org\/{rel}","templated":true}]}}